{"id":111,"date":"2020-12-04T16:19:20","date_gmt":"2020-12-04T16:19:20","guid":{"rendered":"http:\/\/www.hiurmadanzaoriental.com\/wp\/?page_id=111"},"modified":"2024-08-20T21:47:57","modified_gmt":"2024-08-20T21:47:57","slug":"bio","status":"publish","type":"page","link":"https:\/\/www.hiurmadanzaoriental.com\/wp\/?page_id=111","title":{"rendered":"Bio"},"content":{"rendered":"\n\n\n\n\n\n\n\n\n\n\n\n<h3>hiurma<\/h3>\n<h4><b>Profesora, Bailarina y Core\u00f3grafa<\/b><\/h4>\n<p class=\"p1\" style=\"text-align: justify; \"><span style=\"background-color: transparent;\"><font face=\"Arial, Helvetica, sans-serif\">&nbsp; &nbsp;Hiurma, naci\u00f3 en Santa Cruz de Tenerife, comenz\u00f3 a formarse como bailarina en 2006 y como profesora de Danza Oriental en 2008, desde que tuvo su primer contacto con esta danza se sinti\u00f3 cautivada y desde entonces no ha parado de formarse, evolucionar y crecer con ella.<\/font><\/span><\/p><span style=\"background-color: transparent;\"><font face=\"Arial, Helvetica, sans-serif\"><br><\/font><\/span><p class=\"p1\" style=\"text-align: justify; \"><span style=\"background-color: transparent;\"><font face=\"Arial, Helvetica, sans-serif\">&nbsp; &nbsp;En sus inicios comenz\u00f3 a bailar con la profesora Estela Zareen, durante poco m\u00e1s de 1 a\u00f1o y, a lo largo de su trayectoria como estudiante y profesional, ha recibido clases y talleres de diferentes profesores nacionales e internacionales.<\/font><\/span><\/p><span style=\"background-color: transparent;\"><font face=\"Arial, Helvetica, sans-serif\"><br><\/font><\/span><p class=\"p1\" style=\"text-align: justify; \"><span style=\"background-color: transparent;\"><font face=\"Arial, Helvetica, sans-serif\">&nbsp; Por su af\u00e1n de aprender y reciclarse, desde 2015 realiza la FORMACI\u00d3N DE BAILARINAS PROFESIONALES con la Maestra CELINA, formaci\u00f3n te\u00f3rico pr\u00e1ctica muy completa e impartida con gran profesionalidad. Obtiene la graduaci\u00f3n de la FORMACI\u00d3N DE BAILARINAS PROFESIONALES en JUNIO de 2019.<\/font><\/span><\/p><span style=\"background-color: transparent;\"><font face=\"Arial, Helvetica, sans-serif\"><br><\/font><\/span><p class=\"p1\" style=\"text-align: justify; \"><span style=\"background-color: transparent;\"><font face=\"Arial, Helvetica, sans-serif\">&nbsp;<\/font><\/span><span style=\"background-color: transparent;\"><font face=\"Arial, Helvetica, sans-serif\">&nbsp; En abril de 2011 inaugur\u00f3 su propia escuela de danza HIURMA Danza Oriental y Terapias Alternativas en Santa Cruz de Tenerife, donde imparti\u00f3 clases y da talleres de Danza Oriental hasta febrero de 2013.<\/font><\/span><\/p><span style=\"background-color: transparent;\"><font face=\"Arial, Helvetica, sans-serif\"><br><\/font><\/span><p class=\"p1\" style=\"text-align: justify; \"><span style=\"background-color: transparent;\"><font face=\"Arial, Helvetica, sans-serif\">&nbsp; &nbsp;Actualmente imparte clases de danza del vientre, en Santa Cruz de Tenerife, La Laguna, Puerto de la Cruz y Adeje, adem\u00e1s de impartir talleres por diferentes islas.<\/font><\/span><\/p><span style=\"background-color: transparent;\"><font face=\"Arial, Helvetica, sans-serif\"><br><\/font><\/span><p class=\"p1\" style=\"text-align: justify; \"><span style=\"background-color: transparent;\"><font face=\"Arial, Helvetica, sans-serif\">&nbsp; Cofundadora y core\u00f3grafa de la compa\u00f1\u00eda BELLYLUSION ORIENTAL DANCE,&nbsp; compa\u00f1\u00eda que ya ha presentado 3 maravillosos espect\u00e1culos de Danza Oriental y Fusi\u00f3n Tribal llamados TRAVES\u00cdA, STARDUST y LEYENDAS. En 2015 forma el tr\u00edo de bailarinas llamado SAPHIR con el que ha participado en numerosos espect\u00e1culos a nivel nacional. <br>&nbsp; &nbsp;A finales de 2021 funda y forma parte del ballet de Danza Oriental ASHIRA, bailando en numerosos eventos y festivales a nivel nacional e internacional.<\/font><\/span><\/p><span style=\"font-size: 18px;\"><span style=\"background-color: transparent;\"><br><\/span><\/span><p style=\"text-align: center;\"><span style=\"background-color: transparent;\">*GANADORA 1\u00ba Premio Profesional &#8211; Festival Internacional ORIENTAL TOUR DELUXE en noviembre de 2020*<\/span><\/p><span style=\"background-color: transparent;\"><br><\/span><p style=\"text-align: center;\"><span style=\"background-color: transparent;\">*GANADORA 3\u00ba Premio Profesional &#8211; Festival Internacional SEVILLA ORIENTAL 2019*<\/span><\/p><span style=\"background-color: transparent;\"><br><\/span><p style=\"text-align: center;\"><span style=\"background-color: transparent;\">*GANADORA 1\u00ba Premio Profesional a nivel regional (Canarias) &#8211; CAMPEONATO NACIONAL DE DANZA ORIENTAL en octubre de 2022*<\/span><\/p><p style=\"text-align: center;\"><span style=\"font-size: 17px; background-color: transparent;\"><strong><em style=\"font-size: 20px;\"><br>ORGANIZADORA de 9 ediciones del RAKS TENERIFE<\/em><\/strong><\/span><\/p><p><strong><span style=\"font-size: 15px;\"><\/span><\/strong><\/p><span style=\"background-color: transparent;\"><br><\/span><p style=\"text-align: justify;\"><span style=\"background-color: transparent;\">&nbsp; Festival de Danza Oriental, creado en 2012, con Workshops, Competici\u00f3n de Danza Oriental (1\u00ba edici\u00f3n en 2016) Gala de Maestras de mano de grandes bailarinas como son las profesoras y estrellas invitadas&nbsp;<strong><a href=\"https:\/\/teresatomas.es\/\">TERESA TOM\u00c1S<\/a>, <a href=\"https:\/\/celinabellydancer.com\/\">CELINA<\/a>, <a href=\"http:\/\/www.cristinagadea.com\/\">CRISTINA GADEA<\/a>,&nbsp;<a href=\"https:\/\/drummaticbellydance.com\/?fbclid=IwAR3Ae-Wk4U6Sqz8sr_nIeLKFciTgkBbw7C5a-prjYykb8JbZUAcrUyvFQhw\">ALEX DELORA<\/a>, EKATERINA OLEYNIKOVA, <a href=\"https:\/\/www.facebook.com\/barakalofidanza\">BARAKALOFI<\/a>, <a href=\"https:\/\/www.facebook.com\/saadlorena\/\">LORENA SAAD<\/a>, <a href=\"https:\/\/www.facebook.com\/julia.faride.torgonska\/\">JULIA FARID<\/a>&nbsp;y&nbsp;<a href=\"http:\/\/www.rosamondaray.com\/\">ROSA MONDARAY<\/a><\/strong>.&nbsp;<\/span><span style=\"background-color: transparent;\">Con la participaci\u00f3n de numerosas bailarinas nacionales y los ballets Bellylusion Oriental Dance y Saphir.<\/span><\/p><span style=\"font-size: 15px;\"><span style=\"background-color: transparent;\"><br><\/span><\/span><p style=\"text-align: justify;\">&nbsp; Ha participado y organizado numerosos espect\u00e1culos en restaurantes, hoteles, bodas y dem\u00e1s festejos, en teter\u00edas, festivales, etc.. Actualmente baila todos los fines de semana en el Restaurantes Zoco y Habibi de las Vistas, ambos situados en Los Cristianos.<\/p><p><em><strong><span style=\"background-color: transparent;\"><br><\/span><span style=\"font-size: 17px;\"><\/span><\/strong><\/em><\/p><p style=\"text-align: center;\"><span style=\"background-color: transparent;\"><em><strong><span style=\"font-size: 20px;\"><br>ORGANIZADORA de la Formaci\u00f3n de Bailarinas Profesionales by Celina<\/span><\/strong><\/em><\/span><\/p><span style=\"background-color: transparent;\"><br><\/span><p style=\"text-align: justify;\"><span style=\"background-color: transparent;\">&nbsp; &nbsp;Formaci\u00f3n dirigida a todas aquellas bailarinas que quieran perfeccionar y enfocarse profesionalmente en el Belly Dance. Esta formaci\u00f3n naci\u00f3 en 2014 en Madrid con la Profesional de la Danza Oriental,&nbsp;CELINA, y en 2015 tuvimos la oportunidad de impartirla en Tenerife por primera vez.<\/span><\/p><span style=\"font-size: 15px;\"><\/span><span style=\"background-color: transparent;\"><br><\/span><p style=\"text-align: justify;\"><span style=\"background-color: transparent;\">&nbsp; &nbsp;El programa se&nbsp;destaca por la exigencia t\u00e9cnica y el contenido te\u00f3rico-pr\u00e1ctico que imparte Celina de forma intensiva. La formaci\u00f3n se desarrolla una vez al mes, con una carga horaria m\u00ednima de 5 horas y una duraci\u00f3n total de 4 a 5 a\u00f1os. Al finalizar el curso, se realizan ex\u00e1menes de danza y teor\u00eda, lo que garantiza el aprendizaje y nivel acad\u00e9mico de excelencia; desde 1\u00ba a 5\u00ba a\u00f1o.<\/span><\/p><span style=\"font-size: 17px;\"><strong><br><\/strong><\/span><p style=\"text-align: center; \"><span style=\"font-size: 17px;\"><strong>Para m\u00e1s informaci\u00f3n accede a&nbsp;<a href=\"http:\/\/www.hiurmadanzaoriental.com\/wp\/formacion-de-bailarinas-celina\/\">FORMACI\u00d3N PROFESIONAL&nbsp;CELINA<\/a>.<\/strong><\/span><\/p><span style=\"font-size: 17px;\"><strong><br><\/strong><\/span><span style=\"font-size: 17px;\"><strong><br><\/strong><\/span><span style=\"font-family: Arial, Helvetica, sans-serif;\"><\/span><span style=\"font-family: Arial, Helvetica, sans-serif;\"><\/span>\n\n\n\n","protected":false},"excerpt":{"rendered":"","protected":false},"author":1,"featured_media":0,"parent":0,"menu_order":0,"comment_status":"closed","ping_status":"closed","template":"","meta":{"pagelayer_contact_templates":[],"_pagelayer_content":"","footnotes":""},"class_list":["post-111","page","type-page","status-publish","hentry"],"_links":{"self":[{"href":"https:\/\/www.hiurmadanzaoriental.com\/wp\/index.php?rest_route=\/wp\/v2\/pages\/111","targetHints":{"allow":["GET"]}}],"collection":[{"href":"https:\/\/www.hiurmadanzaoriental.com\/wp\/index.php?rest_route=\/wp\/v2\/pages"}],"about":[{"href":"https:\/\/www.hiurmadanzaoriental.com\/wp\/index.php?rest_route=\/wp\/v2\/types\/page"}],"author":[{"embeddable":true,"href":"https:\/\/www.hiurmadanzaoriental.com\/wp\/index.php?rest_route=\/wp\/v2\/users\/1"}],"replies":[{"embeddable":true,"href":"https:\/\/www.hiurmadanzaoriental.com\/wp\/index.php?rest_route=%2Fwp%2Fv2%2Fcomments&post=111"}],"version-history":[{"count":25,"href":"https:\/\/www.hiurmadanzaoriental.com\/wp\/index.php?rest_route=\/wp\/v2\/pages\/111\/revisions"}],"predecessor-version":[{"id":990,"href":"https:\/\/www.hiurmadanzaoriental.com\/wp\/index.php?rest_route=\/wp\/v2\/pages\/111\/revisions\/990"}],"wp:attachment":[{"href":"https:\/\/www.hiurmadanzaoriental.com\/wp\/index.php?rest_route=%2Fwp%2Fv2%2Fmedia&parent=111"}],"curies":[{"name":"wp","href":"https:\/\/api.w.org\/{rel}","templated":true}]}}