{"id":562,"date":"2023-01-22T16:19:30","date_gmt":"2023-01-22T16:19:30","guid":{"rendered":"https:\/\/www.hiurmadanzaoriental.com\/wp\/?page_id=562"},"modified":"2026-02-13T17:52:08","modified_gmt":"2026-02-13T17:52:08","slug":"workshops","status":"publish","type":"page","link":"https:\/\/www.hiurmadanzaoriental.com\/wp\/?page_id=562","title":{"rendered":"Workshops"},"content":{"rendered":"\n\n\n\n\n\n<h3>WORKSHOPS 2027<\/h3>\n<h5 style=\"text-align: center;\">\u00a1ATENCI\u00d3N! Posponemos el festival a 2027.<\/h5>\n<h5><strong><\/strong>S\u00e1bado<\/h5>\n<h5><strong>&nbsp; &nbsp;ROC\u00cdO DANZA:<\/strong> 10.00 a 12.00 h &#8211; \u201cYA MSAFER\u00bb<p><\/p><\/h5>\n<h5><p><span style=\"font-size:x-large;\"><\/span><\/p><\/h5><p>&nbsp; &nbsp; &#8211; Coreograf\u00eda con el famoso cl\u00e1sico, fusionando Danza Oriental con Flamenco.<br><\/p><p><br><\/p>\n<h5><p><span style=\"font-size:x-large;\"><\/span><\/p><\/h5><h5>&nbsp; <strong>&nbsp;LEVANA:<\/strong> 12.15 a 14.15 h &#8211; T\u00e9cnica: Disociaci\u00f3n y Ondulaciones<\/h5>\n<p><br><\/p>\n<h5><strong><\/strong>Domingo<\/h5>\n<h5><p><span style=\"font-size:x-large;\"><\/span><\/p><\/h5><h5>&nbsp; <strong>&nbsp;SAHRA HAYAL:<\/strong> 11.00 a 13.00 h &#8211; T\u00e9cnica Avanzada: Alas de Isis<\/h5><p><\/p>\n<p>&nbsp; &nbsp; &#8211; Sahra profundizar\u00e1 en los movimientos, las secuencias y t\u00e9cnica con este elemento de fantas\u00eda.<br><\/p><p><br><\/p>\n<h5><p><span style=\"font-size:x-large;\"><\/span><\/p><\/h5><h5>&nbsp; <strong>&nbsp;<\/strong><span style=\"font-family: Actor; font-size: 25px; font-style: normal; font-variant-caps: normal;\">LEVANA:<\/span><span style=\"font-family: Actor; font-size: 25px; font-style: normal; font-variant-caps: normal;\">&nbsp;<\/span><span style=\"font-size: 25px;\">13.15 a 15.15 h &#8211; Coreograf\u00eda de Shaabi.<\/span><\/h5><h5><br><\/h5><p><\/p>\n<h5><p><span style=\"font-size:x-large;\"><\/span><\/p><\/h5><h5>&nbsp; <strong>&nbsp;MATAHARI:<\/strong> 17.00 a 19.00 h &#8211; Ritmolog\u00eda para Bailarinas.<\/h5><p><\/p>\n{\u00abvisual\u00bb:false,\u00bblegacy\u00bb:false}\n\n\n\n\n<h4 style=\"color: rgb(161, 0, 0);\">prECIOS<\/h4>\n<h5 style=\"font-family: &quot;Arial Black&quot;;\">1 taller:&nbsp; 45\u20ac<\/h5>\n<h5 style=\"font-family: &quot;Arial Black&quot;;\">2 talleres:&nbsp; 80\u20ac<\/h5>\n<h5 style=\"font-family: &quot;Arial Black&quot;;\">3 talleres:&nbsp; 115\u20ac<\/h5>\n<h5 style=\"font-family: &quot;Arial Black&quot;;\">4 talleres:&nbsp; 150\u20ac<\/h5>\n<h4><strong style=\"font-family: &quot;Arial Black&quot;;\">FULL PACk:&nbsp;<\/strong><span style=\"font-family: &quot;Arial Black&quot;; font-size: 30px;\">160\u20ac<\/span><\/h4>\n<p><br><\/p>\n{\u00abvisual\u00bb:false,\u00bblegacy\u00bb:false}\n\n\n","protected":false},"excerpt":{"rendered":"","protected":false},"author":1,"featured_media":0,"parent":0,"menu_order":0,"comment_status":"closed","ping_status":"closed","template":"","meta":{"pagelayer_contact_templates":[],"_pagelayer_content":"","footnotes":""},"class_list":["post-562","page","type-page","status-publish","hentry"],"_links":{"self":[{"href":"https:\/\/www.hiurmadanzaoriental.com\/wp\/index.php?rest_route=\/wp\/v2\/pages\/562","targetHints":{"allow":["GET"]}}],"collection":[{"href":"https:\/\/www.hiurmadanzaoriental.com\/wp\/index.php?rest_route=\/wp\/v2\/pages"}],"about":[{"href":"https:\/\/www.hiurmadanzaoriental.com\/wp\/index.php?rest_route=\/wp\/v2\/types\/page"}],"author":[{"embeddable":true,"href":"https:\/\/www.hiurmadanzaoriental.com\/wp\/index.php?rest_route=\/wp\/v2\/users\/1"}],"replies":[{"embeddable":true,"href":"https:\/\/www.hiurmadanzaoriental.com\/wp\/index.php?rest_route=%2Fwp%2Fv2%2Fcomments&post=562"}],"version-history":[{"count":37,"href":"https:\/\/www.hiurmadanzaoriental.com\/wp\/index.php?rest_route=\/wp\/v2\/pages\/562\/revisions"}],"predecessor-version":[{"id":1262,"href":"https:\/\/www.hiurmadanzaoriental.com\/wp\/index.php?rest_route=\/wp\/v2\/pages\/562\/revisions\/1262"}],"wp:attachment":[{"href":"https:\/\/www.hiurmadanzaoriental.com\/wp\/index.php?rest_route=%2Fwp%2Fv2%2Fmedia&parent=562"}],"curies":[{"name":"wp","href":"https:\/\/api.w.org\/{rel}","templated":true}]}}