{"id":569,"date":"2023-01-22T16:19:56","date_gmt":"2023-01-22T16:19:56","guid":{"rendered":"https:\/\/www.hiurmadanzaoriental.com\/wp\/?page_id=569"},"modified":"2026-02-13T17:48:44","modified_gmt":"2026-02-13T17:48:44","slug":"reservas","status":"publish","type":"page","link":"https:\/\/www.hiurmadanzaoriental.com\/wp\/?page_id=569","title":{"rendered":"Reservas"},"content":{"rendered":"\n\n\n\n\n<h2>RESERVAS rt 2027<\/h2>\n<h5><strong>\u00a1ATENCI\u00d3N! Posponemos el festival para 2027, pronto nueva fecha.<\/strong><\/h5>\n&nbsp; &nbsp;1. Consulta la disponibilidad&nbsp;de plaza por&nbsp;mail:&nbsp;<a href=\" rakstenerife@gmail.com\">rakstenerife@gmail.com<\/a><br><span style=\"font-family: &quot;Open Sans&quot;, sans-serif; font-style: normal; font-weight: 400;\">&nbsp; &nbsp; &nbsp;Una vez tengas el ok de que hay plazas disponibles:<\/span>\n&nbsp; &nbsp;2.&nbsp;Ingresar una parte (m\u00ednimo 40\u20ac) del importe total correspondiente&nbsp;(seg\u00fan los workshops que hayas escogido), en la cuenta que te detallaremos por mail. Puedes abonar el total de varias veces, la fecha l\u00edmite para el pago total es el 10 de Abril 2027.\n<p style=\"text-align: center;\"><strong>!S\u00f3lo mediante el pago&nbsp;se hace efectiva la reserva de tus plazas!<\/strong><\/p>\n\u00b7 Es imprescindible recibir comprobaci\u00f3n OK de tu pago,&nbsp;de lo contrario, ser\u00e1 necesario traer el comprobante del ingreso el d\u00eda de los workshops.\n<h5 style=\"text-align: center;\"><strong>Las inscripciones ser\u00e1n procesadas seg\u00fan orden de recepci\u00f3n hasta completar el aforo.<\/strong><\/h5>\n<h5 style=\"text-align: center;\"><strong>\nSi no recibimos&nbsp;la totalidad del importe&nbsp;para la fecha l\u00edmite (10 de ABRIL 2027),&nbsp;la inscripci\u00f3n quedar\u00e1 anulada,&nbsp;sin derecho a devoluciones ni&nbsp;reclamos de ning\u00fan tipo.<\/strong><\/h5>\n<p><br><\/p>\n<h4>CONDICIONES<\/h4>\nInscribirte y participar en el RT 2027 supone la aceptaci\u00f3n&nbsp;de las siguientes condiciones:\n<h5 style=\"text-align: center;\">El reiterado incumplimiento de estas condiciones puede ser motivo de la exclusi\u00f3n del RT sin derecho a compensaci\u00f3n por parte de la organizaci\u00f3n.<\/h5>\n<h4>CANCELACIONES<\/h4>\n&nbsp; &nbsp;1.&nbsp;En caso de cancelaci\u00f3n de los workshops&nbsp;por parte de la organizaci\u00f3n&nbsp;se devolver\u00e1 el importe total recibido.\n&nbsp; &nbsp;2.&nbsp;En caso de cancelaciones&nbsp;por causas ajenas a la organizaci\u00f3n por parte del asistente,&nbsp;se devolver\u00e1:\n<br>&nbsp; &nbsp; &nbsp; &#8211; El total del importe solo si otra persona ocupa&nbsp;tu plaza (el\/la asistente se encargar\u00e1 de buscar un sustitut@) y con aviso previo de 72hs, m\u00ednimo.\n<br>&nbsp; &nbsp; &nbsp; &#8211; El total del importe en caso de&nbsp;baja m\u00e9dica de gravedad&nbsp;(imprescindible presentar justificante).\n&nbsp; &nbsp;3. En caso de&nbsp;inasistencia&nbsp;por parte del alumno\/a, no se devolver\u00e1 ning\u00fan importe.\nLa solicitud de cancelaci\u00f3n tendr\u00e1s que&nbsp;emitirla por mail a&nbsp;<a href=\"rakstenerife@gmail.com\">rakstenerife@gmail.com<\/a>.\u2028 Te daremos una respuesta&nbsp;con la mayor brevedad posible.\n<p style=\"text-align: left;\">&nbsp; &nbsp;Si la anulaci\u00f3n fuera aceptada por la organizaci\u00f3n, recibir\u00e1s la devoluci\u00f3n del importe abonado.\n<\/p>\n<h5 style=\"text-align: center;\">\u00a1IMPORTANTE! \u00a1S\u00e9 responsable de tu salud! La organizaci\u00f3n del RT no asume ninguna responsabilidad al respecto.<\/h5>\n<p><br><\/p>\n{\u00abvisual\u00bb:false,\u00bblegacy\u00bb:false}\n\n\n\n","protected":false},"excerpt":{"rendered":"","protected":false},"author":1,"featured_media":0,"parent":0,"menu_order":0,"comment_status":"closed","ping_status":"closed","template":"","meta":{"pagelayer_contact_templates":[],"_pagelayer_content":"","footnotes":""},"class_list":["post-569","page","type-page","status-publish","hentry"],"_links":{"self":[{"href":"https:\/\/www.hiurmadanzaoriental.com\/wp\/index.php?rest_route=\/wp\/v2\/pages\/569","targetHints":{"allow":["GET"]}}],"collection":[{"href":"https:\/\/www.hiurmadanzaoriental.com\/wp\/index.php?rest_route=\/wp\/v2\/pages"}],"about":[{"href":"https:\/\/www.hiurmadanzaoriental.com\/wp\/index.php?rest_route=\/wp\/v2\/types\/page"}],"author":[{"embeddable":true,"href":"https:\/\/www.hiurmadanzaoriental.com\/wp\/index.php?rest_route=\/wp\/v2\/users\/1"}],"replies":[{"embeddable":true,"href":"https:\/\/www.hiurmadanzaoriental.com\/wp\/index.php?rest_route=%2Fwp%2Fv2%2Fcomments&post=569"}],"version-history":[{"count":17,"href":"https:\/\/www.hiurmadanzaoriental.com\/wp\/index.php?rest_route=\/wp\/v2\/pages\/569\/revisions"}],"predecessor-version":[{"id":1259,"href":"https:\/\/www.hiurmadanzaoriental.com\/wp\/index.php?rest_route=\/wp\/v2\/pages\/569\/revisions\/1259"}],"wp:attachment":[{"href":"https:\/\/www.hiurmadanzaoriental.com\/wp\/index.php?rest_route=%2Fwp%2Fv2%2Fmedia&parent=569"}],"curies":[{"name":"wp","href":"https:\/\/api.w.org\/{rel}","templated":true}]}}