{"id":575,"date":"2023-01-22T16:21:04","date_gmt":"2023-01-22T16:21:04","guid":{"rendered":"https:\/\/www.hiurmadanzaoriental.com\/wp\/?page_id=575"},"modified":"2026-02-13T17:39:32","modified_gmt":"2026-02-13T17:39:32","slug":"competicion-open-stage","status":"publish","type":"page","link":"https:\/\/www.hiurmadanzaoriental.com\/wp\/?page_id=575","title":{"rendered":"Competici\u00f3n"},"content":{"rendered":"\n\n\n\n<h5><br><\/h5>\n<h2>COMPETICI\u00d3N RT 2027<\/h2>\n\n\n<p><br><\/p>\n<h4>categor\u00edas<\/h4>\n\n\n<h3><u>pROFESIONAL<\/u><\/h3>\n<h4>PREMIOS<\/h4>\n<p>PR\u00d3XIMAMENTE<\/p>\n<p><strong style=\"font-size: x-large;\">\u00b7&nbsp;<u>COREOGRAF\u00cdA<\/u><\/strong><\/p>\n<p><br><\/p>\n<p style=\"font-size: x-large;\">\u00b7 <strong><u>CARISMA<\/u><\/strong><\/p>\n<p><br><\/p>\n<p style=\"font-size: x-large;\">\u00b7 <strong><u>PRESENCIA<\/u><\/strong><\/p>\n<p><br><\/p>\n<p style=\"font-size: x-large;\">\u00b7 <strong><u>INTERPRETACI\u00d3N<\/u><\/strong><\/p>\n<p><br><\/p>\n\n\n<h3><u>AMATEUR<\/u><\/h3>\n<h4>PREMIOS<\/h4>\n<p>PR\u00d3XIMAMENTE<\/p>\n<p><strong style=\"font-size: x-large;\">\u00b7 <strong><u>COREOGRAF\u00cdA<\/u><\/strong><\/strong><\/p>\n<p><br><\/p>\n<p><strong style=\"font-size: x-large;\">\u00b7 <u>CARISMA<\/u><\/strong><\/p>\n<p><br><\/p>\n<p><strong style=\"font-size: x-large;\">\u00b7 <u>PRESENCIA<\/u><\/strong><\/p>\n<p><br><\/p>\n<p><strong style=\"font-size: x-large;\">\u00b7 <u>INTERPRETACI\u00d3N<\/u><\/strong><\/p>\n<p><br><\/p>\n\n\n<h3 style=\"font-style: normal; font-variant-caps: normal; color: rgb(51, 51, 51);\"><u>folckore<\/u><\/h3>\n<h4>PREMIOS<\/h4>\n<p>PR\u00d3XIMAMENTE<\/p>\n<p><strong style=\"font-size: x-large;\">\u00b7 <strong><u>COREOGRAF\u00cdA<\/u><\/strong><\/strong><\/p>\n<p><br><\/p>\n<p><strong style=\"font-size: x-large;\">\u00b7 <strong><u>CARISMA<\/u><\/strong><\/strong><\/p>\n<p><br><\/p>\n<p><strong style=\"font-size: x-large;\">\u00b7 <strong><u>PRESENCIA<\/u><\/strong><\/strong><\/p>\n<p><br><\/p>\n<p><strong style=\"font-size: x-large;\">\u00b7 <strong><u>INTERPRETACI\u00d3N<\/u><\/strong><\/strong><\/p>\n<p><br><\/p>\n\n\n{\u00abvisual\u00bb:false,\u00bblegacy\u00bb:false}\n<h1 style=\"text-align: center;\"><\/h1><h3 style=\"text-align: center; color: rgb(0, 0, 0);\">BASES COMPETICI\u00d3N RT<\/h3>\n<h4>inscripciones<\/h4>\n<p>Para inscribirte tendr\u00e1s que seguir los siguientes pasos:<br><\/p>&nbsp;<p><\/p><p>1.&nbsp;Enviar un email a&nbsp;<strong><span class=\"Estilo5\" style=\"font-size: 12pt; color: rgb(255, 255, 151);\">rakstenerife@gmail.com<\/span><\/strong>&nbsp;con los siguientes datos:<br>&nbsp;&nbsp;&nbsp; Nombres y apellidos<br>&nbsp;&nbsp;&nbsp; Nombre art\u00edstico (en el caso que lo tengan)<br>&nbsp;&nbsp;&nbsp; Tel\u00e9fono<br>&nbsp;&nbsp;&nbsp; Email<br>&nbsp;&nbsp;&nbsp; Breve descripci\u00f3n de tu experiencia como bailar\u00edn\/a o grupo de Danza Oriental.<\/p>\n<p>2. Abonar la cuota de inscripci\u00f3n (trasferencia o efectivo) a un n\u00famero de cuenta que le facilitaremos (solicitar v\u00eda email a rakstenerife@gmail.com).\r\n<\/p>\n<p>3. Cuota:\n     Ser\u00e1 de 15\u20ac por aspirante. Gratis si se inscribe al Full Pack.<\/p>\n<p>4. Estar apuntada\/o a m\u00ednimo 3 workshops. <\/p>\n<p>5. Plazo de inscripci\u00f3n hasta el 10 de abril.<\/p>\n<p><br><\/p>\n<h4>DURACI\u00d3N<\/h4>\n<p>La actuaci\u00f3n tendr\u00e1 una duraci\u00f3n m\u00e1xima de 3 minutos, de esos 3 minutos s\u00f3lo tendr\u00e1s el m\u00e1ximo de 1 minuto para tu solo de percusi\u00f3n.<\/p>\n<p><br><\/p>\n<h4>jurado<\/h4>\n<p>Matahari, Levana, Sahra Hayal y Roc\u00edo Danza.<\/p>\n<p><br><\/p>\n<h4>lUGAR<\/h4>\n<h5>PR\u00d3XIMAMENTE<\/h5>\n<p><br><\/p>\n\n\n\n\n\n\n","protected":false},"excerpt":{"rendered":"","protected":false},"author":1,"featured_media":0,"parent":0,"menu_order":0,"comment_status":"closed","ping_status":"closed","template":"","meta":{"pagelayer_contact_templates":[],"_pagelayer_content":"","footnotes":""},"class_list":["post-575","page","type-page","status-publish","hentry"],"_links":{"self":[{"href":"https:\/\/www.hiurmadanzaoriental.com\/wp\/index.php?rest_route=\/wp\/v2\/pages\/575","targetHints":{"allow":["GET"]}}],"collection":[{"href":"https:\/\/www.hiurmadanzaoriental.com\/wp\/index.php?rest_route=\/wp\/v2\/pages"}],"about":[{"href":"https:\/\/www.hiurmadanzaoriental.com\/wp\/index.php?rest_route=\/wp\/v2\/types\/page"}],"author":[{"embeddable":true,"href":"https:\/\/www.hiurmadanzaoriental.com\/wp\/index.php?rest_route=\/wp\/v2\/users\/1"}],"replies":[{"embeddable":true,"href":"https:\/\/www.hiurmadanzaoriental.com\/wp\/index.php?rest_route=%2Fwp%2Fv2%2Fcomments&post=575"}],"version-history":[{"count":38,"href":"https:\/\/www.hiurmadanzaoriental.com\/wp\/index.php?rest_route=\/wp\/v2\/pages\/575\/revisions"}],"predecessor-version":[{"id":1251,"href":"https:\/\/www.hiurmadanzaoriental.com\/wp\/index.php?rest_route=\/wp\/v2\/pages\/575\/revisions\/1251"}],"wp:attachment":[{"href":"https:\/\/www.hiurmadanzaoriental.com\/wp\/index.php?rest_route=%2Fwp%2Fv2%2Fmedia&parent=575"}],"curies":[{"name":"wp","href":"https:\/\/api.w.org\/{rel}","templated":true}]}}