{"id":587,"date":"2023-01-22T16:23:35","date_gmt":"2023-01-22T16:23:35","guid":{"rendered":"https:\/\/www.hiurmadanzaoriental.com\/wp\/?page_id=587"},"modified":"2026-02-13T17:41:04","modified_gmt":"2026-02-13T17:41:04","slug":"ana-siscar","status":"publish","type":"page","link":"https:\/\/www.hiurmadanzaoriental.com\/wp\/?page_id=587","title":{"rendered":"LEVANA"},"content":{"rendered":"\n\n\n\n\n<h3>levana<\/h3>\n{\u00abvisual\u00bb:false,\u00bblegacy\u00bb:false}\n<h5 style=\"font-style: normal; font-variant-ligatures: normal; font-variant-caps: normal; font-family: Actor; color: rgb(51, 51, 51);\">Maestra RAKS TENERIFE 2027<\/h5>\n<!-- {\"attr\":{\"text\":\"BIO \u2728\\n\\n\u2728Levana es una reconocida bellydancer espa\u00f1ola, performer e instructora, reconocida en toda Europa por su arte y dedicaci\u00f3n a la danza oriental.\\n\\n\u2728Con m\u00e1s de 20 a\u00f1os de experiencia, la trayectoria de Levana incluye un riguroso entrenamiento en ballet y gimnasia competitiva, lo que le otorga una presencia elegante y poderosa en el escenario.\\n\\n\u2728No solo es reconocida por sus actuaciones y docencia, sino tambi\u00e9n como fundadora y organizadora del renombrado festival Etoiles d\u2019Orient @etoilesdorient en Palma de Mallorca, donde re\u00fane cada a\u00f1o a los mejores talentos internacionales de la danza oriental.\\n\\n\u2728El trabajo de Levana sigue elevando la forma de arte, inspirando tanto a estudiantes como a p\u00fablicos en Espa\u00f1a y m\u00e1s all\u00e1.\"},\"tmp\":{}} --><div class=\"pagelayer-text-holder pagelayer-pen pagelayer-pen-focused\" pagelayer-editable=\"text\" contenteditable=\"true\">BIO <img decoding=\"async\" draggable=\"true\" role=\"img\" class=\"emoji\" alt=\"\u2728\" src=\"https:\/\/s.w.org\/images\/core\/emoji\/16.0.1\/svg\/2728.svg\">\r\n<\/div>\n<div class=\"pagelayer-text-holder pagelayer-pen pagelayer-pen-focused\" pagelayer-editable=\"text\" contenteditable=\"true\">\r\n<img decoding=\"async\" draggable=\"true\" role=\"img\" class=\"emoji\" alt=\"\u2728\" src=\"https:\/\/s.w.org\/images\/core\/emoji\/16.0.1\/svg\/2728.svg\">Levana es una reconocida bellydancer espa\u00f1ola, performer e instructora, reconocida en toda Europa por su arte y dedicaci\u00f3n a la danza oriental.\r\n<\/div>\n<div class=\"pagelayer-text-holder pagelayer-pen pagelayer-pen-focused\" pagelayer-editable=\"text\" contenteditable=\"true\">\r\n<img decoding=\"async\" draggable=\"true\" role=\"img\" class=\"emoji\" alt=\"\u2728\" src=\"https:\/\/s.w.org\/images\/core\/emoji\/16.0.1\/svg\/2728.svg\">Con m\u00e1s de 20 a\u00f1os de experiencia, la trayectoria de Levana incluye un riguroso entrenamiento en ballet y gimnasia competitiva, lo que le otorga una presencia elegante y poderosa en el escenario.\r\n<\/div>\n<div class=\"pagelayer-text-holder pagelayer-pen pagelayer-pen-focused\" pagelayer-editable=\"text\" contenteditable=\"true\">\r\n<img decoding=\"async\" draggable=\"true\" role=\"img\" class=\"emoji\" alt=\"\u2728\" src=\"https:\/\/s.w.org\/images\/core\/emoji\/16.0.1\/svg\/2728.svg\">No solo es reconocida por sus actuaciones y docencia, sino tambi\u00e9n como fundadora y organizadora del renombrado festival Etoiles d\u2019Orient @etoilesdorient en Palma de Mallorca, donde re\u00fane cada a\u00f1o a los mejores talentos internacionales de la danza oriental.\r\n<\/div>\n<div class=\"pagelayer-text-holder pagelayer-pen pagelayer-pen-focused\" pagelayer-editable=\"text\" contenteditable=\"true\">\r\n<img decoding=\"async\" draggable=\"true\" role=\"img\" class=\"emoji\" alt=\"\u2728\" src=\"https:\/\/s.w.org\/images\/core\/emoji\/16.0.1\/svg\/2728.svg\">El trabajo de Levana sigue elevando la forma de arte, inspirando tanto a estudiantes como a p\u00fablicos en Espa\u00f1a y m\u00e1s all\u00e1.<\/div>\n\n\n\n\n\n\n\n\n\n\n\n","protected":false},"excerpt":{"rendered":"","protected":false},"author":1,"featured_media":0,"parent":0,"menu_order":0,"comment_status":"closed","ping_status":"closed","template":"","meta":{"pagelayer_contact_templates":[],"_pagelayer_content":"","footnotes":""},"class_list":["post-587","page","type-page","status-publish","hentry"],"_links":{"self":[{"href":"https:\/\/www.hiurmadanzaoriental.com\/wp\/index.php?rest_route=\/wp\/v2\/pages\/587","targetHints":{"allow":["GET"]}}],"collection":[{"href":"https:\/\/www.hiurmadanzaoriental.com\/wp\/index.php?rest_route=\/wp\/v2\/pages"}],"about":[{"href":"https:\/\/www.hiurmadanzaoriental.com\/wp\/index.php?rest_route=\/wp\/v2\/types\/page"}],"author":[{"embeddable":true,"href":"https:\/\/www.hiurmadanzaoriental.com\/wp\/index.php?rest_route=\/wp\/v2\/users\/1"}],"replies":[{"embeddable":true,"href":"https:\/\/www.hiurmadanzaoriental.com\/wp\/index.php?rest_route=%2Fwp%2Fv2%2Fcomments&post=587"}],"version-history":[{"count":22,"href":"https:\/\/www.hiurmadanzaoriental.com\/wp\/index.php?rest_route=\/wp\/v2\/pages\/587\/revisions"}],"predecessor-version":[{"id":1253,"href":"https:\/\/www.hiurmadanzaoriental.com\/wp\/index.php?rest_route=\/wp\/v2\/pages\/587\/revisions\/1253"}],"wp:attachment":[{"href":"https:\/\/www.hiurmadanzaoriental.com\/wp\/index.php?rest_route=%2Fwp%2Fv2%2Fmedia&parent=587"}],"curies":[{"name":"wp","href":"https:\/\/api.w.org\/{rel}","templated":true}]}}