{"id":590,"date":"2023-01-22T16:23:49","date_gmt":"2023-01-22T16:23:49","guid":{"rendered":"https:\/\/www.hiurmadanzaoriental.com\/wp\/?page_id=590"},"modified":"2026-02-13T17:49:42","modified_gmt":"2026-02-13T17:49:42","slug":"muneerah","status":"publish","type":"page","link":"https:\/\/www.hiurmadanzaoriental.com\/wp\/?page_id=590","title":{"rendered":"SAHRA HAYAL"},"content":{"rendered":"\n\n\n\n\n<h3>SAHRA HAYAL<\/h3>\n<h5 style=\"font-style: normal; font-variant-ligatures: normal; font-variant-caps: normal; font-family: Actor; color: rgb(51, 51, 51);\">Maestra RAKS TENERIFE 2027<\/h5>\n<p><img decoding=\"async\" draggable=\"true\" role=\"img\" class=\"emoji\" alt=\"\u2728\" src=\"https:\/\/s.w.org\/images\/core\/emoji\/16.0.1\/svg\/2728.svg\" style=\"font-style: normal; font-variant-ligatures: normal; font-variant-caps: normal; font-weight: 400; font-size: 18px; font-family: &quot;Open Sans&quot;, sans-serif; background-color: rgb(249, 249, 249); background-image: none !important;\"><span style=\"font-family: &quot;Open Sans&quot;, sans-serif; font-size: 18px; font-style: normal; font-variant-ligatures: normal; font-variant-caps: normal; font-weight: 400;\">&nbsp;&nbsp;<\/span>Bailarina, core\u00f3grafa y profesora de Danza Oriental.&nbsp;<span style=\"font-family: &quot;Open Sans&quot;, sans-serif; font-size: 18px; font-style: normal; font-variant-ligatures: normal; font-variant-caps: normal; font-weight: 400;\">Natural de Chiclana de la Fra, C\u00e1diz.<\/span><\/p>\n<p><img decoding=\"async\" draggable=\"true\" role=\"img\" class=\"emoji\" alt=\"\u2728\" src=\"https:\/\/s.w.org\/images\/core\/emoji\/16.0.1\/svg\/2728.svg\" style=\"font-size: 18px; font-style: normal; font-variant-ligatures: normal; font-variant-caps: normal; font-weight: 400; background-color: rgb(249, 249, 249); font-family: &quot;Open Sans&quot;, sans-serif; background-image: none !important;\"><span style=\"font-size: 18px; font-style: normal; font-variant-ligatures: normal; font-variant-caps: normal; font-weight: 400; font-family: &quot;Open Sans&quot;, sans-serif;\">&nbsp;&nbsp;<\/span>Desde los tres a\u00f1os se inici\u00f3 en el mundo de la danza a trav\u00e9s del flamenco, en la que hoy es la academia Son y Comp\u00e1s.&nbsp;<span style=\"font-family: &quot;Open Sans&quot;, sans-serif; font-size: 18px; font-style: normal; font-variant-ligatures: normal; font-variant-caps: normal; font-weight: 400;\">Ha seguido investigando y conociendo muchos estilos desde el flamenco hasta el hip hop m\u00e1s urbano, pasando por ritmos latinos.\u200b<\/span><\/p>\n<p><img decoding=\"async\" draggable=\"true\" role=\"img\" class=\"emoji\" alt=\"\u2728\" src=\"https:\/\/s.w.org\/images\/core\/emoji\/16.0.1\/svg\/2728.svg\" style=\"font-size: 18px; font-style: normal; font-variant-ligatures: normal; font-variant-caps: normal; font-weight: 400; background-color: rgb(249, 249, 249); font-family: &quot;Open Sans&quot;, sans-serif; background-image: none !important;\"><span style=\"font-size: 18px; font-style: normal; font-variant-ligatures: normal; font-variant-caps: normal; font-weight: 400; font-family: &quot;Open Sans&quot;, sans-serif;\">&nbsp;&nbsp;<\/span>En el curso acad\u00e9mico 2005\/2006, conoci\u00f3 la danza oriental a trav\u00e9s de Susana Mill\u00e1n y entr\u00f3 a formar parte al a\u00f1o siguiente de la compa\u00f1\u00eda de la escuela Al-Menara, escuela de la que ahora es profesora y directora. Con Al-Menara, cosech\u00f3 premios y recorri\u00f3 Andaluc\u00eda ofreciendo espect\u00e1culos de danza y danza teatro. En ella, en 2015 realiz\u00f3 la formaci\u00f3n de bailarinas con Teresa Tom\u00e1s. \r\n\r\n\u200b<\/p>\n<p><img decoding=\"async\" draggable=\"true\" role=\"img\" class=\"emoji\" alt=\"\u2728\" src=\"https:\/\/s.w.org\/images\/core\/emoji\/16.0.1\/svg\/2728.svg\" style=\"font-size: 18px; font-style: normal; font-variant-ligatures: normal; font-variant-caps: normal; font-weight: 400; background-color: rgb(249, 249, 249); font-family: &quot;Open Sans&quot;, sans-serif; background-image: none !important;\"><span style=\"font-size: 18px; font-style: normal; font-variant-ligatures: normal; font-variant-caps: normal; font-weight: 400; font-family: &quot;Open Sans&quot;, sans-serif;\">&nbsp;<\/span>Desde 2015 y 2016 tiene el placer de formar parte del ballet de Tito Seif, Al-Ahram.\r\n\r\nEn 2016 se une con Jezabel para formar el d\u00fao Leil&amp;Nahar.\r\n\r\nInvestigando m\u00e1s sobre esta danza ha recibido clases de grandes maestros internacionales de la talla de Tito Seif, Randa Kamel, Mohamed Shahin, Marta Kourzum, Pablo Acosta, Nada Choua\u00efb&#8230; entre muchos otros, formando as\u00ed un estilo propio.\r\n\r\n\u200b<\/p>\n<p><img decoding=\"async\" draggable=\"true\" role=\"img\" class=\"emoji\" alt=\"\u2728\" src=\"https:\/\/s.w.org\/images\/core\/emoji\/16.0.1\/svg\/2728.svg\">Organizadora de Weekend Experience Fest, festival creado en 2023 en Chiclana de la Frontera, C\u00e1diz.<\/p>\n<p><img decoding=\"async\" draggable=\"true\" role=\"img\" class=\"emoji\" alt=\"\u2728\" src=\"https:\/\/s.w.org\/images\/core\/emoji\/16.0.1\/svg\/2728.svg\" style=\"font-size: 18px; font-style: normal; font-variant-ligatures: normal; font-variant-caps: normal; font-weight: 400; background-color: rgb(249, 249, 249); font-family: &quot;Open Sans&quot;, sans-serif; background-image: none !important;\"><span style=\"font-size: 18px; font-style: normal; font-variant-ligatures: normal; font-variant-caps: normal; font-weight: 400; font-family: &quot;Open Sans&quot;, sans-serif;\">&nbsp;<\/span>Adem\u00e1s de ofrecer espect\u00e1culos, actualmente imparte clases regulares en su escuela Al-Menara y es convocada como maestra y artista invitada en numerosos festivales.<\/p>\n{\u00abvisual\u00bb:false,\u00bblegacy\u00bb:false}\n\n\n\n\n\n\n\n\n\n\n\n","protected":false},"excerpt":{"rendered":"","protected":false},"author":1,"featured_media":0,"parent":0,"menu_order":0,"comment_status":"closed","ping_status":"closed","template":"","meta":{"pagelayer_contact_templates":[],"_pagelayer_content":"","footnotes":""},"class_list":["post-590","page","type-page","status-publish","hentry"],"_links":{"self":[{"href":"https:\/\/www.hiurmadanzaoriental.com\/wp\/index.php?rest_route=\/wp\/v2\/pages\/590","targetHints":{"allow":["GET"]}}],"collection":[{"href":"https:\/\/www.hiurmadanzaoriental.com\/wp\/index.php?rest_route=\/wp\/v2\/pages"}],"about":[{"href":"https:\/\/www.hiurmadanzaoriental.com\/wp\/index.php?rest_route=\/wp\/v2\/types\/page"}],"author":[{"embeddable":true,"href":"https:\/\/www.hiurmadanzaoriental.com\/wp\/index.php?rest_route=\/wp\/v2\/users\/1"}],"replies":[{"embeddable":true,"href":"https:\/\/www.hiurmadanzaoriental.com\/wp\/index.php?rest_route=%2Fwp%2Fv2%2Fcomments&post=590"}],"version-history":[{"count":17,"href":"https:\/\/www.hiurmadanzaoriental.com\/wp\/index.php?rest_route=\/wp\/v2\/pages\/590\/revisions"}],"predecessor-version":[{"id":1261,"href":"https:\/\/www.hiurmadanzaoriental.com\/wp\/index.php?rest_route=\/wp\/v2\/pages\/590\/revisions\/1261"}],"wp:attachment":[{"href":"https:\/\/www.hiurmadanzaoriental.com\/wp\/index.php?rest_route=%2Fwp%2Fv2%2Fmedia&parent=590"}],"curies":[{"name":"wp","href":"https:\/\/api.w.org\/{rel}","templated":true}]}}