{"id":593,"date":"2023-01-22T16:24:04","date_gmt":"2023-01-22T16:24:04","guid":{"rendered":"https:\/\/www.hiurmadanzaoriental.com\/wp\/?page_id=593"},"modified":"2026-02-13T17:49:12","modified_gmt":"2026-02-13T17:49:12","slug":"rocio","status":"publish","type":"page","link":"https:\/\/www.hiurmadanzaoriental.com\/wp\/?page_id=593","title":{"rendered":"ROC\u00cdO DANZA"},"content":{"rendered":"\n\n\n\n\n<h3>roc\u00edo danza<\/h3>\n<h5>Maestra RAKS TENERIFE 2027<\/h5>\n<p>BIO <img decoding=\"async\" draggable=\"true\" role=\"img\" class=\"emoji\" alt=\"\u2728\" src=\"https:\/\/s.w.org\/images\/core\/emoji\/16.0.1\/svg\/2728.svg\" style=\"background-color: rgb(249, 249, 249);\">\n<\/p>\n<p>\n<img decoding=\"async\" draggable=\"true\" role=\"img\" class=\"emoji\" alt=\"\u2728\" src=\"https:\/\/s.w.org\/images\/core\/emoji\/16.0.1\/svg\/2728.svg\" style=\"background-color: rgb(249, 249, 249);\"> Ama la danza, ama compartir.\nSu camino nunca ha sido f\u00e1cil, pero su perseverancia y pasi\u00f3n por la danza le han llevado a bailar en lugares tan emblem\u00e1ticos como La Biblioteca de Alejandr\u00eda (Egipto), el Teatro Greco de Roma (Italia), Madrid (Espa\u00f1a), Argentina, Inglaterra, etc.\n<\/p>\n<p>\n<img decoding=\"async\" draggable=\"true\" role=\"img\" class=\"emoji\" alt=\"\u2728\" src=\"https:\/\/s.w.org\/images\/core\/emoji\/16.0.1\/svg\/2728.svg\" style=\"background-color: rgb(249, 249, 249);\"> Es autora de varias Gu\u00edas y Manuales de Danza.\nHa creado y dirigido numerosos espect\u00e1culos de \u00e9xito.\n<\/p>\n<p>\n<img decoding=\"async\" draggable=\"true\" role=\"img\" class=\"emoji\" alt=\"\u2728\" src=\"https:\/\/s.w.org\/images\/core\/emoji\/16.0.1\/svg\/2728.svg\" style=\"background-color: rgb(249, 249, 249);\"> Toda una vida danzando y m\u00e1s de 12 a\u00f1os de experiencia docente en este campo la avalan.\n<\/p>\n<p>\n<img decoding=\"async\" draggable=\"true\" role=\"img\" class=\"emoji\" alt=\"\u2728\" src=\"https:\/\/s.w.org\/images\/core\/emoji\/16.0.1\/svg\/2728.svg\" style=\"background-color: rgb(249, 249, 249);\"> Es experta e innovadora en Flamenco Arabe, Danza Neoandalus\u00ed y Danza Oriental, adem\u00e1s de maestra de Ori Tahit\u00ed y Hula.\n<\/p>\n<p>\n<img decoding=\"async\" draggable=\"true\" role=\"img\" class=\"emoji\" alt=\"\u2728\" src=\"https:\/\/s.w.org\/images\/core\/emoji\/16.0.1\/svg\/2728.svg\" style=\"background-color: rgb(249, 249, 249);\"> Creadora y organizadora de <a href=\"https:\/\/www.rociodanza.com\/almariyya-fest\/?utm_source=ig&amp;utm_medium=social&amp;utm_content=link_in_bio&amp;fbclid=PAZXh0bgNhZW0CMTEAc3J0YwZhcHBfaWQMMjU2MjgxMDQwNTU4AAGnylEgKnc2huIGbssJQGzx0iWoJZziW95IhFjUBRmKYRYTAHkjNFb1nB6fW4o_aem_8Bdw4DF97za4GugypqkVlw\">ALMARIYA FEST<\/a> en la ciudad de Almer\u00eda, cuya edici\u00f3n de 2026 ser\u00e1 del 10 al 12 de julio, festival hermano a Raks Tenerife, en el que la organizadora <a href=\"https:\/\/www.hiurmadanzaoriental.com\/wp\/?page_id=111\">Hiurma<\/a> ser\u00e1 maestra.<\/p>\n<p>\n<\/p>\n{\u00abvisual\u00bb:false,\u00bblegacy\u00bb:false}\n\n\n\n\n\n\n\n\n\n\n\n","protected":false},"excerpt":{"rendered":"","protected":false},"author":1,"featured_media":0,"parent":0,"menu_order":0,"comment_status":"closed","ping_status":"closed","template":"","meta":{"pagelayer_contact_templates":[],"_pagelayer_content":"","footnotes":""},"class_list":["post-593","page","type-page","status-publish","hentry"],"_links":{"self":[{"href":"https:\/\/www.hiurmadanzaoriental.com\/wp\/index.php?rest_route=\/wp\/v2\/pages\/593","targetHints":{"allow":["GET"]}}],"collection":[{"href":"https:\/\/www.hiurmadanzaoriental.com\/wp\/index.php?rest_route=\/wp\/v2\/pages"}],"about":[{"href":"https:\/\/www.hiurmadanzaoriental.com\/wp\/index.php?rest_route=\/wp\/v2\/types\/page"}],"author":[{"embeddable":true,"href":"https:\/\/www.hiurmadanzaoriental.com\/wp\/index.php?rest_route=\/wp\/v2\/users\/1"}],"replies":[{"embeddable":true,"href":"https:\/\/www.hiurmadanzaoriental.com\/wp\/index.php?rest_route=%2Fwp%2Fv2%2Fcomments&post=593"}],"version-history":[{"count":17,"href":"https:\/\/www.hiurmadanzaoriental.com\/wp\/index.php?rest_route=\/wp\/v2\/pages\/593\/revisions"}],"predecessor-version":[{"id":1260,"href":"https:\/\/www.hiurmadanzaoriental.com\/wp\/index.php?rest_route=\/wp\/v2\/pages\/593\/revisions\/1260"}],"wp:attachment":[{"href":"https:\/\/www.hiurmadanzaoriental.com\/wp\/index.php?rest_route=%2Fwp%2Fv2%2Fmedia&parent=593"}],"curies":[{"name":"wp","href":"https:\/\/api.w.org\/{rel}","templated":true}]}}