{"id":643,"date":"2023-02-12T23:36:21","date_gmt":"2023-02-12T23:36:21","guid":{"rendered":"https:\/\/www.hiurmadanzaoriental.com\/wp\/?page_id=643"},"modified":"2026-03-25T13:40:56","modified_gmt":"2026-03-25T13:40:56","slug":"home-2","status":"publish","type":"page","link":"https:\/\/www.hiurmadanzaoriental.com\/wp\/","title":{"rendered":"Home"},"content":{"rendered":"\n\n\n<h2>Danza oriental<\/h2>\n<h3>bellydance<\/h3>\n\n\n\n\n\n<p>\u00bfQuieres saber un poco m\u00e1s sobre Hiurma? Entra y descubre su trayectoria.<\/p>\n\n\n<p><span style=\"color: #333\">Hiurma imparte clases para todos los niveles, descubre cu\u00e1l es tu grupo.<\/span><\/p>\n\n\n<p><span style=\"color: #333\">\u00bfQuieres saber qu\u00e9 horarios te viene mejor? Entra aqu\u00ed.<\/span><\/p>\n\n\n\n\n\n\n\n\n\n\n\n\n\n\n<h4>RAKS TENERIFE 2027<\/h4>\n<h5>23 al 25 abril<\/h5>\n<p>Festival internacional de Danza Oriental en Tenerife. Desde 2012 creamos este festival para traer a las bailarinas de la isla y de Canarias nuevas experiencias, nuevos conocimientos de maestras nacionales e internacionales. <\/p>\n<p><br><\/p>\n<p><br><\/p>\n<p><br><\/p>\n<p><br><\/p>\n<p><br><\/p>\n<p><br><\/p>\n<p><br><\/p>\n<p><br><\/p>\n<p><br><\/p>\n<p><br><\/p>\n<p><br><\/p>\n<p><br><\/p>\n<p><br><\/p>\n\n\n\n\n\n\n\n\n\n\n\n\n\n<h4>Historia de la Danza Oriental en Tenerife<\/h4>\n<p><span style=\"font-size: 16px; font-family: Arial, Helvetica, sans-serif;\"><span style=\"font-size: 17px;\">Libro escrito por&nbsp;<a href=\"https:\/\/luchibellydance.blogspot.com\/\"><font color=\"#00adbb\">Lucina D\u00e1cil Gonz\u00e1lez Marrero<\/font><\/a>, bailarina de danza oriental en Tenerife.<\/span><\/span><\/p><span style=\"font-size: 14px; font-family: Arial, Helvetica, sans-serif;\"><br><\/span><p style=\"text-align: justify;\"><span style=\"font-size: 14px; font-family: Arial, Helvetica, sans-serif;\">Si quieres conocer la Historia de la Danza Oriental, su evoluci\u00f3n y expansi\u00f3n, este es tu libro. El objetivo es esclarecer c\u00f3mo ha llegado a Tenerife y registrar todo lo acontecido en esta isla. Un lugar, que sin ninguna duda, posee bailarinas de alto nivel.<\/span><\/p><span style=\"font-family: Arial, Helvetica, sans-serif;\"><br><\/span><p style=\"text-align: justify;\"><span style=\"font-family: Arial, Helvetica, sans-serif; font-size: 16px;\">Aqu\u00ed tienes el enlace para que puedas adquirirlo:<\/span><\/p><span style=\"font-family: Arial, Helvetica, sans-serif; font-size: 16px;\"><a href=\"https:\/\/amzn.eu\/d\/7yfYEJN\">amazon.historiadeladanzaoriental<\/a><\/span>\n<p><br><\/p>\n\n\n\n\n\n\n\n\n\n<p><br><\/p>\n\n\n","protected":false},"excerpt":{"rendered":"","protected":false},"author":1,"featured_media":0,"parent":0,"menu_order":0,"comment_status":"closed","ping_status":"closed","template":"","meta":{"pagelayer_contact_templates":[],"_pagelayer_content":"","footnotes":""},"class_list":["post-643","page","type-page","status-publish","hentry"],"_links":{"self":[{"href":"https:\/\/www.hiurmadanzaoriental.com\/wp\/index.php?rest_route=\/wp\/v2\/pages\/643","targetHints":{"allow":["GET"]}}],"collection":[{"href":"https:\/\/www.hiurmadanzaoriental.com\/wp\/index.php?rest_route=\/wp\/v2\/pages"}],"about":[{"href":"https:\/\/www.hiurmadanzaoriental.com\/wp\/index.php?rest_route=\/wp\/v2\/types\/page"}],"author":[{"embeddable":true,"href":"https:\/\/www.hiurmadanzaoriental.com\/wp\/index.php?rest_route=\/wp\/v2\/users\/1"}],"replies":[{"embeddable":true,"href":"https:\/\/www.hiurmadanzaoriental.com\/wp\/index.php?rest_route=%2Fwp%2Fv2%2Fcomments&post=643"}],"version-history":[{"count":57,"href":"https:\/\/www.hiurmadanzaoriental.com\/wp\/index.php?rest_route=\/wp\/v2\/pages\/643\/revisions"}],"predecessor-version":[{"id":1266,"href":"https:\/\/www.hiurmadanzaoriental.com\/wp\/index.php?rest_route=\/wp\/v2\/pages\/643\/revisions\/1266"}],"wp:attachment":[{"href":"https:\/\/www.hiurmadanzaoriental.com\/wp\/index.php?rest_route=%2Fwp%2Fv2%2Fmedia&parent=643"}],"curies":[{"name":"wp","href":"https:\/\/api.w.org\/{rel}","templated":true}]}}