{"id":70,"date":"2020-12-04T14:36:51","date_gmt":"2020-12-04T14:36:51","guid":{"rendered":"http:\/\/www.hiurmadanzaoriental.com\/wp\/?page_id=70"},"modified":"2025-09-09T12:40:07","modified_gmt":"2025-09-09T12:40:07","slug":"escuela-lenita-lindell","status":"publish","type":"page","link":"https:\/\/www.hiurmadanzaoriental.com\/wp\/?page_id=70","title":{"rendered":"Escuela Lenita Lindell"},"content":{"rendered":"\n\n\n\n\n\n\n\n<h4>Clases Escuela lENITA LINDELL<\/h4>\n\n\n\n\n<span style=\"font-size: 15px; font-family: Arial, Helvetica, sans-serif;\"><\/span><p><span style=\"font-size: 17px; font-family: Arial, Helvetica, sans-serif;\">Callej\u00f3n Bel\u00e9n, 1, al lado de la Plaza de la Concepci\u00f3n.<\/span><\/p><p><span style=\"font-size: 17px; font-family: Arial, Helvetica, sans-serif;\">Reserva plaza en el telf.: 922 26 27 03<\/span><\/p><span style=\"font-size: 15px; font-family: Arial, Helvetica, sans-serif;\"><\/span>\n\n\n\n\n<span style=\"font-size: 16px; font-family: Arial, Helvetica, sans-serif;\"><font color=\"#00adbb\" style=\"\"><strong><\/strong><\/font><\/span><p style=\"text-align: center; \"><span style=\"font-size: 20px; font-family: Arial, Helvetica, sans-serif;\"><strong><font color=\"#00adbb\" style=\"font-size: 18px;\">Intermedio:<\/font><\/strong><\/span><\/p><p style=\"text-align: center; \"><span style=\"font-size: 20px; font-family: Arial, Helvetica, sans-serif;\"><strong style=\"font-size: 18px;\">Lunes y Mi\u00e9rcoles<\/strong><\/span><\/p><p style=\"text-align: center; \"><span style=\"color: rgb(0, 0, 0); font-family: Arial, Helvetica, sans-serif; font-size: 18px;\">16.00 a 17.00 h<\/span><\/p><span style=\"font-size: 16px; font-family: Arial, Helvetica, sans-serif;\"><\/span><span style=\"font-size: 14px; font-family: Arial, Helvetica, sans-serif;\"><\/span><span style=\"font-family: Arial, Helvetica, sans-serif;\"><\/span>\n\n\n<span style=\"font-size: 16px; background-color: transparent;\"><strong><font color=\"#00adbb\"><\/font><\/strong><\/span><p style=\"text-align: center; \"><span style=\"font-size: 20px; font-family: Arial, Helvetica, sans-serif;\"><strong><font color=\"#00adbb\" style=\"font-size: 18px;\">Iniciaci\u00f3n:<\/font><\/strong><\/span><\/p><p style=\"text-align: center; \"><span style=\"font-size: 20px; font-family: Arial, Helvetica, sans-serif;\"><strong style=\"font-size: 18px;\">Martes y jueves<\/strong><\/span><\/p><p style=\"text-align: center; \"><span style=\"font-size: 18px; font-family: Arial, Helvetica, sans-serif;\">16.00 a 17.00 h<\/span><\/p><span style=\"font-size: 16px; background-color: transparent;\"><\/span><span style=\"font-size: 16px; font-family: Arial, Helvetica, sans-serif;\"><\/span>\n\n\n\n<p><span style=\"font-family: Arial, Helvetica, sans-serif; font-size: 15px; font-style: normal; font-variant-caps: normal; color: rgb(0, 0, 0);\">Consulta informaci\u00f3n y precios.<\/span><br style=\"font-family: Arial, Helvetica, sans-serif; font-size: 20px;\"><\/p>\n\n\n\n","protected":false},"excerpt":{"rendered":"","protected":false},"author":1,"featured_media":0,"parent":0,"menu_order":0,"comment_status":"closed","ping_status":"closed","template":"","meta":{"pagelayer_contact_templates":[],"_pagelayer_content":"","footnotes":""},"class_list":["post-70","page","type-page","status-publish","hentry"],"_links":{"self":[{"href":"https:\/\/www.hiurmadanzaoriental.com\/wp\/index.php?rest_route=\/wp\/v2\/pages\/70","targetHints":{"allow":["GET"]}}],"collection":[{"href":"https:\/\/www.hiurmadanzaoriental.com\/wp\/index.php?rest_route=\/wp\/v2\/pages"}],"about":[{"href":"https:\/\/www.hiurmadanzaoriental.com\/wp\/index.php?rest_route=\/wp\/v2\/types\/page"}],"author":[{"embeddable":true,"href":"https:\/\/www.hiurmadanzaoriental.com\/wp\/index.php?rest_route=\/wp\/v2\/users\/1"}],"replies":[{"embeddable":true,"href":"https:\/\/www.hiurmadanzaoriental.com\/wp\/index.php?rest_route=%2Fwp%2Fv2%2Fcomments&post=70"}],"version-history":[{"count":24,"href":"https:\/\/www.hiurmadanzaoriental.com\/wp\/index.php?rest_route=\/wp\/v2\/pages\/70\/revisions"}],"predecessor-version":[{"id":1136,"href":"https:\/\/www.hiurmadanzaoriental.com\/wp\/index.php?rest_route=\/wp\/v2\/pages\/70\/revisions\/1136"}],"wp:attachment":[{"href":"https:\/\/www.hiurmadanzaoriental.com\/wp\/index.php?rest_route=%2Fwp%2Fv2%2Fmedia&parent=70"}],"curies":[{"name":"wp","href":"https:\/\/api.w.org\/{rel}","templated":true}]}}