{"id":73,"date":"2020-12-04T14:36:54","date_gmt":"2020-12-04T14:36:54","guid":{"rendered":"http:\/\/www.hiurmadanzaoriental.com\/wp\/?page_id=73"},"modified":"2025-09-11T18:24:39","modified_gmt":"2025-09-11T18:24:39","slug":"clases-particulares","status":"publish","type":"page","link":"https:\/\/www.hiurmadanzaoriental.com\/wp\/?page_id=73","title":{"rendered":"Clases Particulares"},"content":{"rendered":"\n\n\n\n\n\n\n\n<h4>Clases Particulares<\/h4>\n\n\n\n\n<span><\/span><p style=\"text-align: justify; \"><strong style=\"background-color: transparent; font-size: 18px;\"><span style=\"font-size: 18px; font-family: Arial, Helvetica, sans-serif;\">Clases Particulares de 1 h de duraci\u00f3n para todos los niveles, donde podr\u00e1s ver diferentes \u00e1mbitos de la Danza Oriental:<\/span><\/strong><\/p><span style=\"background-color: transparent; font-size: 17px;\"><br><\/span><ul><li><span style=\"background-color: transparent; font-size: 17px; font-family: Arial, Helvetica, sans-serif;\"><span style=\"color: rgb(89, 89, 89);\">Elementos<\/span> (abanicos, velo, sable, candelabro, alas de isis, doble velo, etc.)<\/span><\/li><li><span style=\"background-color: transparent; font-size: 17px; color: rgb(89, 89, 89); font-family: Arial, Helvetica, sans-serif;\">Ritmos<\/span><\/li><li><span style=\"background-color: transparent; font-size: 17px; font-family: Arial, Helvetica, sans-serif;\"><span style=\"color: rgb(89, 89, 89);\">Estilos musicales <\/span>(Cl\u00e1sico Oriental, Mejance, Baladi, Fusiones como Bolero Oriental, Rom\u00e1ntico Oriental, Shaabi, etc.)<\/span><\/li><li><span style=\"background-color: transparent; font-size: 17px; color: rgb(89, 89, 89); font-family: Arial, Helvetica, sans-serif;\">Coreograf\u00eda<\/span><\/li><li><span style=\"background-color: transparent; font-size: 17px; color: rgb(89, 89, 89); font-family: Arial, Helvetica, sans-serif;\">Improvisaci\u00f3n<\/span><\/li><li><span style=\"background-color: transparent; font-size: 17px; font-family: Arial, Helvetica, sans-serif;\"><span style=\"color: rgb(89, 89, 89);\">Folklore <\/span>(Saidi con bast\u00f3n, Khaleegy, etc.)<\/span><\/li><li><span style=\"font-family: Arial, Helvetica, sans-serif;\"><span style=\"font-size: 18px;\"><span style=\"color: rgb(89, 89, 89);\">T\u00e9cnica<\/span> (cadera, disociaci\u00f3n, shimmies, giros, etc).<\/span><\/span><span style=\"font-size: 17px;\"><\/span><\/li><\/ul><span><br><\/span><p style=\"text-align: justify; \"><span style=\"font-size: 18px; font-family: Arial, Helvetica, sans-serif;\">Clases enfocadas para alumnas que se inician, que llevan poco tiempo y quieren aprender en m\u00e1s profundidad, alumnas de un nivel intermedio y alumnas avanzadas.<\/span><\/p>\n\n\n\n\n<span style=\"font-family: Arial, Helvetica, sans-serif;\"><\/span><span style=\"font-size: 15px;\"><\/span><p><font face=\"Arial, Helvetica, sans-serif\">Consulta precios.<\/font><\/p><span style=\"font-size: 15px;\"><font color=\"#00adbb\"><\/font><\/span>\n\n\n\n\n","protected":false},"excerpt":{"rendered":"","protected":false},"author":1,"featured_media":0,"parent":0,"menu_order":0,"comment_status":"closed","ping_status":"closed","template":"","meta":{"pagelayer_contact_templates":[],"_pagelayer_content":"","footnotes":""},"class_list":["post-73","page","type-page","status-publish","hentry"],"_links":{"self":[{"href":"https:\/\/www.hiurmadanzaoriental.com\/wp\/index.php?rest_route=\/wp\/v2\/pages\/73","targetHints":{"allow":["GET"]}}],"collection":[{"href":"https:\/\/www.hiurmadanzaoriental.com\/wp\/index.php?rest_route=\/wp\/v2\/pages"}],"about":[{"href":"https:\/\/www.hiurmadanzaoriental.com\/wp\/index.php?rest_route=\/wp\/v2\/types\/page"}],"author":[{"embeddable":true,"href":"https:\/\/www.hiurmadanzaoriental.com\/wp\/index.php?rest_route=\/wp\/v2\/users\/1"}],"replies":[{"embeddable":true,"href":"https:\/\/www.hiurmadanzaoriental.com\/wp\/index.php?rest_route=%2Fwp%2Fv2%2Fcomments&post=73"}],"version-history":[{"count":9,"href":"https:\/\/www.hiurmadanzaoriental.com\/wp\/index.php?rest_route=\/wp\/v2\/pages\/73\/revisions"}],"predecessor-version":[{"id":1143,"href":"https:\/\/www.hiurmadanzaoriental.com\/wp\/index.php?rest_route=\/wp\/v2\/pages\/73\/revisions\/1143"}],"wp:attachment":[{"href":"https:\/\/www.hiurmadanzaoriental.com\/wp\/index.php?rest_route=%2Fwp%2Fv2%2Fmedia&parent=73"}],"curies":[{"name":"wp","href":"https:\/\/api.w.org\/{rel}","templated":true}]}}