{"id":769,"date":"2023-06-04T16:35:29","date_gmt":"2023-06-04T16:35:29","guid":{"rendered":"https:\/\/www.hiurmadanzaoriental.com\/wp\/?page_id=769"},"modified":"2026-02-13T17:42:16","modified_gmt":"2026-02-13T17:42:16","slug":"open-stage","status":"publish","type":"page","link":"https:\/\/www.hiurmadanzaoriental.com\/wp\/?page_id=769","title":{"rendered":"OPEN STAGE"},"content":{"rendered":"\n\n\n\n\n\n<h2>OPEN STAGE rt 2027<\/h2>\n\n\n\n\n{\u00abvisual\u00bb:false,\u00bblegacy\u00bb:false}\n<h3>INSCRIPCIONES:\n<\/h3>\n<p>Para inscribirte tendr\u00e1s que seguir los siguientes pasos:<\/p>\n<p>&nbsp; &nbsp; 1. Enviar un email a <a href=\"rakstenerife@gmail.com\">rakstenerife@gmail.com<\/a> con los siguientes datos:\n<\/p>\n<p>&nbsp; &nbsp; &nbsp; &nbsp; &nbsp; &nbsp;<strong>&nbsp;Nombre y apellidos\n<\/strong><\/p>\n<p>&nbsp; &nbsp; &nbsp; &nbsp; &nbsp; &nbsp;&nbsp;<strong>Nombre art\u00edstico<\/strong> (en el caso que lo tengas)\n<\/p>\n<p>&nbsp; &nbsp; &nbsp; &nbsp; &nbsp; &nbsp;&nbsp;<strong>Tel\u00e9fono\n<\/strong><\/p>\n<p>&nbsp; &nbsp; &nbsp; &nbsp; &nbsp; &nbsp;&nbsp;<strong>Email\n<\/strong><\/p>\n<p><strong>&nbsp; &nbsp; &nbsp; &nbsp; &nbsp; &nbsp; Breve descripci\u00f3n de tu experiencia como bailar\u00edn\/a de Danza Oriental<\/strong><\/p>\n<p>&nbsp; &nbsp; <\/p>\n<p>&nbsp; &nbsp; &nbsp; 2. Estar apuntada\/o m\u00ednimo a 3 talleres del festival, en el caso de la participaci\u00f3n de grupos, cada componente del grupo deber\u00e1 estar<br><span style=\"font-family: &quot;Open Sans&quot;, sans-serif; font-style: normal; font-weight: 400;\">&nbsp; &nbsp; &nbsp; &nbsp; &nbsp; inscrita\/o al menos a&nbsp;<\/span><span style=\"font-family: &quot;Open Sans&quot;, sans-serif; font-size: 18px; font-style: normal; font-variant-ligatures: normal; font-variant-caps: normal; font-weight: 400;\">3 talleres (grupos de 3 personas m\u00e1ximo).<\/span><\/p>\n<p><span\u00a0style=\"font-family: &quot;open=\"\" sans&quot;,=\"\" sans-serif;=\"\" font-style:=\"\" normal;=\"\" font-weight:=\"\" 400;\"=\"\"> <\/span\u00a0style=\"font-family:><\/p>\n<p><span style=\"font-family: &quot;Open Sans&quot;, sans-serif; font-style: normal;\"><strong>&nbsp; &nbsp; &nbsp; &nbsp; &nbsp;<span style=\"font-size:x-large;\">\u00b7<\/span> Plazo de inscripci\u00f3n hasta el 10 de abril.\n<\/strong><\/span><\/p>\n<p><span style=\"font-family: &quot;Open Sans&quot;, sans-serif; font-style: normal;\"><strong>&nbsp; &nbsp; &nbsp; &nbsp; &nbsp;<\/strong><\/span><span style=\"font-style: normal; font-variant-ligatures: normal; font-variant-caps: normal; font-size: 18px; font-family: &quot;Open Sans&quot;, sans-serif;\"><span style=\"font-size: x-large;\">\u00b7<\/span><\/span><span style=\"font-family: &quot;Open Sans&quot;, sans-serif; font-style: normal;\"><strong>&nbsp;Todas las solicitudes ser\u00e1n admitidas hasta completar el m\u00e1ximo.\n<\/strong><\/span><\/p>\n<p><span style=\"font-family: &quot;Open Sans&quot;, sans-serif; font-style: normal;\"><strong>&nbsp; &nbsp; &nbsp; &nbsp; &nbsp;<\/strong><\/span><span style=\"font-style: normal; font-variant-ligatures: normal; font-variant-caps: normal; font-size: 18px; font-family: &quot;Open Sans&quot;, sans-serif;\"><span style=\"font-size: x-large;\">\u00b7<\/span><\/span><span style=\"font-family: &quot;Open Sans&quot;, sans-serif; font-style: normal;\"><strong>&nbsp;Se podr\u00e1 bailar cualquier disciplina: oriental, fusi\u00f3n, elementos. <\/strong><\/span><\/p>\n<p><span style=\"font-family: &quot;Open Sans&quot;, sans-serif; font-style: normal; font-weight: 400;\">&nbsp; &nbsp; &nbsp; &nbsp; &nbsp;<\/span><span style=\"font-style: normal; font-variant-ligatures: normal; font-variant-caps: normal; font-size: 18px; font-family: &quot;Open Sans&quot;, sans-serif;\"><span style=\"font-size: x-large;\">\u00b7<\/span><\/span><span style=\"font-family: &quot;Open Sans&quot;, sans-serif; font-style: normal; font-weight: 400;\">&nbsp;Se le conceder\u00e1 un m\u00e1ximo de 3 minutos a cada participante (individual o grupo).\n<\/span><\/p>\n<p><span style=\"font-family: &quot;Open Sans&quot;, sans-serif; font-style: normal; font-weight: 400;\">&nbsp; &nbsp; &nbsp; <\/span><\/p>\n<h4 style=\"font-style: normal; font-variant-ligatures: normal; font-variant-caps: normal; font-family: Actor; color: rgb(51, 51, 51);\">&nbsp;LUGAR:<\/h4>\n<h5 style=\"font-style: normal; font-variant-ligatures: normal; font-variant-caps: normal; font-family: Actor; color: rgb(51, 51, 51);\"> PR\u00d3XIMAMENTE&nbsp;<\/h5>\n<p><span\u00a0style=\"font-style: normal;=\"\" font-variant-ligatures:=\"\" font-variant-caps:=\"\" font-size:=\"\" 18px;=\"\" font-family:=\"\" &quot;open=\"\" sans&quot;,=\"\" sans-serif;\"=\"\"><br><\/span\u00a0style=\"font-style:><\/p>\n\n\n","protected":false},"excerpt":{"rendered":"","protected":false},"author":1,"featured_media":0,"parent":0,"menu_order":0,"comment_status":"closed","ping_status":"closed","template":"","meta":{"pagelayer_contact_templates":[],"_pagelayer_content":"","footnotes":""},"class_list":["post-769","page","type-page","status-publish","hentry"],"_links":{"self":[{"href":"https:\/\/www.hiurmadanzaoriental.com\/wp\/index.php?rest_route=\/wp\/v2\/pages\/769","targetHints":{"allow":["GET"]}}],"collection":[{"href":"https:\/\/www.hiurmadanzaoriental.com\/wp\/index.php?rest_route=\/wp\/v2\/pages"}],"about":[{"href":"https:\/\/www.hiurmadanzaoriental.com\/wp\/index.php?rest_route=\/wp\/v2\/types\/page"}],"author":[{"embeddable":true,"href":"https:\/\/www.hiurmadanzaoriental.com\/wp\/index.php?rest_route=\/wp\/v2\/users\/1"}],"replies":[{"embeddable":true,"href":"https:\/\/www.hiurmadanzaoriental.com\/wp\/index.php?rest_route=%2Fwp%2Fv2%2Fcomments&post=769"}],"version-history":[{"count":19,"href":"https:\/\/www.hiurmadanzaoriental.com\/wp\/index.php?rest_route=\/wp\/v2\/pages\/769\/revisions"}],"predecessor-version":[{"id":1255,"href":"https:\/\/www.hiurmadanzaoriental.com\/wp\/index.php?rest_route=\/wp\/v2\/pages\/769\/revisions\/1255"}],"wp:attachment":[{"href":"https:\/\/www.hiurmadanzaoriental.com\/wp\/index.php?rest_route=%2Fwp%2Fv2%2Fmedia&parent=769"}],"curies":[{"name":"wp","href":"https:\/\/api.w.org\/{rel}","templated":true}]}}