{"id":893,"date":"2024-06-13T12:49:34","date_gmt":"2024-06-13T12:49:34","guid":{"rendered":"https:\/\/www.hiurmadanzaoriental.com\/wp\/?page_id=893"},"modified":"2026-02-13T17:41:42","modified_gmt":"2026-02-13T17:41:42","slug":"mohamed-diiaz","status":"publish","type":"page","link":"https:\/\/www.hiurmadanzaoriental.com\/wp\/?page_id=893","title":{"rendered":"MATAHARI"},"content":{"rendered":"\n\n\n\n\n<h3>matahari<\/h3>\n<h5>Maestra RAKS TENERIFE 2027<\/h5>\n<p>BIO \u2728<\/p><p>Nacida en Ecuador, es fundadora de Laila Dancers (2005) y Matahari Dance Studio (desde el 2011 hasta la actualidad) escuelas de Danza \u00e1rabe en la Capital del Ecuador, Quito.<\/p><p><br><\/p><p>Actualmente, vive y trabaja desde Portugal, directora del grupo de danza Matahari Troupe.<\/p><p><br><\/p><p>ARTE\u2728<\/p><p>Apasionada de Danza desde su m\u00e1s temprana edad, Matahari dedica su vida al Arte del Movimiento.<\/p><p><br><\/p><p>Su pasi\u00f3n la llev\u00f3 a interpretar la Musica \u00e1rabe con todos sus sentidos, desde oir la m\u00fasica hasta convertirla en una pieza danzada de gran calidad, encarnando Ritmos y Musicalidad con toda su alma.<\/p><p><br><\/p><p>BAILE\u2728<\/p><p>Core\u00f3grafa, instructora y bailarina de Danzas Orientales desde el a\u00f1o 2005, Matahari ha dedicado su ense\u00f1anza a formar mujeres de todas las edades en el arte del Bellydance, para que amen, valoren y respeten su feminidad.<\/p><p><br><\/p><p>\u2728 Organizadora de diferentes festivales a lo largo de su trayectoria profesional, actualmente dirige el Festival EDA en Portugal:<\/p><div><br><\/div>\n<p><a href=\"EDA FESTIVAL PORTUGAL\">https:\/\/www.instagram.com\/festival.eda\/<\/a><\/p>\n{\u00abvisual\u00bb:false,\u00bblegacy\u00bb:false}\n\n\n\n\n\n\n\n\n\n\n\n","protected":false},"excerpt":{"rendered":"","protected":false},"author":1,"featured_media":0,"parent":0,"menu_order":0,"comment_status":"closed","ping_status":"closed","template":"","meta":{"pagelayer_contact_templates":[],"_pagelayer_content":"","footnotes":""},"class_list":["post-893","page","type-page","status-publish","hentry"],"_links":{"self":[{"href":"https:\/\/www.hiurmadanzaoriental.com\/wp\/index.php?rest_route=\/wp\/v2\/pages\/893","targetHints":{"allow":["GET"]}}],"collection":[{"href":"https:\/\/www.hiurmadanzaoriental.com\/wp\/index.php?rest_route=\/wp\/v2\/pages"}],"about":[{"href":"https:\/\/www.hiurmadanzaoriental.com\/wp\/index.php?rest_route=\/wp\/v2\/types\/page"}],"author":[{"embeddable":true,"href":"https:\/\/www.hiurmadanzaoriental.com\/wp\/index.php?rest_route=\/wp\/v2\/users\/1"}],"replies":[{"embeddable":true,"href":"https:\/\/www.hiurmadanzaoriental.com\/wp\/index.php?rest_route=%2Fwp%2Fv2%2Fcomments&post=893"}],"version-history":[{"count":10,"href":"https:\/\/www.hiurmadanzaoriental.com\/wp\/index.php?rest_route=\/wp\/v2\/pages\/893\/revisions"}],"predecessor-version":[{"id":1254,"href":"https:\/\/www.hiurmadanzaoriental.com\/wp\/index.php?rest_route=\/wp\/v2\/pages\/893\/revisions\/1254"}],"wp:attachment":[{"href":"https:\/\/www.hiurmadanzaoriental.com\/wp\/index.php?rest_route=%2Fwp%2Fv2%2Fmedia&parent=893"}],"curies":[{"name":"wp","href":"https:\/\/api.w.org\/{rel}","templated":true}]}}